{"id":635,"date":"2024-01-15T19:44:39","date_gmt":"2024-01-15T19:44:39","guid":{"rendered":"https:\/\/departamentoeducacion.ufro.cl\/?page_id=635"},"modified":"2024-02-29T15:03:25","modified_gmt":"2024-02-29T15:03:25","slug":"actividades","status":"publish","type":"page","link":"https:\/\/departamentoeducacion.ufro.cl\/?page_id=635","title":{"rendered":"ACTIVIDADES"},"content":{"rendered":"\t\t<div data-elementor-type=\"wp-page\" data-elementor-id=\"635\" class=\"elementor elementor-635\" data-elementor-post-type=\"page\">\n\t\t\t\t\t\t<section class=\"elementor-section elementor-top-section elementor-element elementor-element-c5dfe18 elementor-section-boxed elementor-section-height-default elementor-section-height-default\" data-id=\"c5dfe18\" data-element_type=\"section\">\n\t\t\t\t\t\t<div class=\"elementor-container elementor-column-gap-default\">\n\t\t\t\t\t<div class=\"elementor-column elementor-col-100 elementor-top-column elementor-element elementor-element-5191cf4\" data-id=\"5191cf4\" data-element_type=\"column\">\n\t\t\t<div class=\"elementor-widget-wrap elementor-element-populated\">\n\t\t\t\t\t\t<div class=\"elementor-element elementor-element-f90758a elementor--h-position-center elementor--v-position-middle elementor-arrows-position-inside elementor-pagination-position-inside elementor-widget elementor-widget-slides\" data-id=\"f90758a\" data-element_type=\"widget\" data-settings=\"{&quot;navigation&quot;:&quot;both&quot;,&quot;autoplay&quot;:&quot;yes&quot;,&quot;pause_on_hover&quot;:&quot;yes&quot;,&quot;pause_on_interaction&quot;:&quot;yes&quot;,&quot;autoplay_speed&quot;:5000,&quot;infinite&quot;:&quot;yes&quot;,&quot;transition&quot;:&quot;slide&quot;,&quot;transition_speed&quot;:500}\" data-widget_type=\"slides.default\">\n\t\t\t\t<div class=\"elementor-widget-container\">\n\t\t\t\t\t\t\t\t\t<div class=\"elementor-swiper\">\n\t\t\t\t\t<div class=\"elementor-slides-wrapper elementor-main-swiper swiper\" role=\"region\" aria-roledescription=\"carousel\" aria-label=\"Slides\" dir=\"ltr\" data-animation=\"fadeInUp\">\n\t\t\t\t<div class=\"swiper-wrapper elementor-slides\">\n\t\t\t\t\t\t\t\t\t\t<div class=\"elementor-repeater-item-5526a29 swiper-slide\" role=\"group\" aria-roledescription=\"slide\"><div class=\"swiper-slide-bg\" role=\"img\" aria-label=\"depto educ\"><\/div><div class=\"swiper-slide-inner\" ><div class=\"swiper-slide-contents\"><\/div><\/div><\/div>\t\t\t\t<\/div>\n\t\t\t\t\t\t\t<\/div>\n\t\t\t\t<\/div>\n\t\t\t\t\t\t\t\t<\/div>\n\t\t\t\t<\/div>\n\t\t\t\t<div class=\"elementor-element elementor-element-d4984e3 elementor-nav-menu__align-center elementor-nav-menu--dropdown-tablet elementor-nav-menu__text-align-aside elementor-nav-menu--toggle elementor-nav-menu--burger elementor-widget elementor-widget-nav-menu\" data-id=\"d4984e3\" data-element_type=\"widget\" data-settings=\"{&quot;toggle_icon_hover_animation&quot;:&quot;grow&quot;,&quot;layout&quot;:&quot;horizontal&quot;,&quot;submenu_icon&quot;:{&quot;value&quot;:&quot;&lt;i class=\\&quot;fas fa-caret-down\\&quot; aria-hidden=\\&quot;true\\&quot;&gt;&lt;\\\/i&gt;&quot;,&quot;library&quot;:&quot;fa-solid&quot;},&quot;toggle&quot;:&quot;burger&quot;}\" data-widget_type=\"nav-menu.default\">\n\t\t\t\t<div class=\"elementor-widget-container\">\n\t\t\t\t\t\t\t\t<nav aria-label=\"Menu\" class=\"elementor-nav-menu--main elementor-nav-menu__container elementor-nav-menu--layout-horizontal e--pointer-underline e--animation-fade\">\n\t\t\t\t<ul id=\"menu-1-d4984e3\" class=\"elementor-nav-menu\"><li class=\"menu-item menu-item-type-post_type menu-item-object-page menu-item-home menu-item-68\"><a href=\"https:\/\/departamentoeducacion.ufro.cl\/\" class=\"elementor-item\">INICIO<\/a><\/li>\n<li class=\"menu-item menu-item-type-custom menu-item-object-custom menu-item-has-children menu-item-28\"><a href=\"http:\/\/*\" class=\"elementor-item\">QUI\u00c9NES SOMOS<\/a>\n<ul class=\"sub-menu elementor-nav-menu--dropdown\">\n\t<li class=\"menu-item menu-item-type-post_type menu-item-object-page menu-item-38\"><a href=\"https:\/\/departamentoeducacion.ufro.cl\/?page_id=18\" class=\"elementor-sub-item\">RESE\u00d1A DEPARTAMENTO<\/a><\/li>\n\t<li class=\"menu-item menu-item-type-post_type menu-item-object-page menu-item-40\"><a href=\"https:\/\/departamentoeducacion.ufro.cl\/?page_id=20\" class=\"elementor-sub-item\">EQUIPO GESTI\u00d3N<\/a><\/li>\n<\/ul>\n<\/li>\n<li class=\"menu-item menu-item-type-post_type menu-item-object-page menu-item-39\"><a href=\"https:\/\/departamentoeducacion.ufro.cl\/?page_id=19\" class=\"elementor-item\">ACAD\u00c9MICOS<\/a><\/li>\n<li class=\"menu-item menu-item-type-post_type menu-item-object-page menu-item-986\"><a href=\"https:\/\/departamentoeducacion.ufro.cl\/?page_id=983\" class=\"elementor-item\">INVESTIGACI\u00d3N Y DESARROLLO<\/a><\/li>\n<li class=\"menu-item menu-item-type-custom menu-item-object-custom menu-item-has-children menu-item-627\"><a href=\"#\" class=\"elementor-item elementor-item-anchor\">POSTGRADO<\/a>\n<ul class=\"sub-menu elementor-nav-menu--dropdown\">\n\t<li class=\"menu-item menu-item-type-post_type menu-item-object-page menu-item-630\"><a href=\"https:\/\/departamentoeducacion.ufro.cl\/?page_id=625\" class=\"elementor-sub-item\">M\u00c1GISTER<\/a><\/li>\n\t<li class=\"menu-item menu-item-type-post_type menu-item-object-page menu-item-631\"><a href=\"https:\/\/departamentoeducacion.ufro.cl\/?page_id=626\" class=\"elementor-sub-item\">DOCTORADO<\/a><\/li>\n<\/ul>\n<\/li>\n<li class=\"menu-item menu-item-type-custom menu-item-object-custom menu-item-has-children menu-item-198\"><a href=\"#\" class=\"elementor-item elementor-item-anchor\">VINCULACI\u00d3N CON EL MEDIO<\/a>\n<ul class=\"sub-menu elementor-nav-menu--dropdown\">\n\t<li class=\"menu-item menu-item-type-post_type menu-item-object-page menu-item-206\"><a target=\"_blank\" href=\"https:\/\/departamentoeducacion.ufro.cl\/?page_id=199\" class=\"elementor-sub-item\">EDUCACI\u00d3N CONTINUA<\/a><\/li>\n\t<li class=\"menu-item menu-item-type-post_type menu-item-object-page menu-item-208\"><a target=\"_blank\" href=\"https:\/\/departamentoeducacion.ufro.cl\/?page_id=201\" class=\"elementor-sub-item\">PROYECTOS EXTENSI\u00d3N Y VINCULACI\u00d3N CON EL MEDIO<\/a><\/li>\n<\/ul>\n<\/li>\n<li class=\"menu-item menu-item-type-custom menu-item-object-custom menu-item-has-children menu-item-636\"><a href=\"#\" class=\"elementor-item elementor-item-anchor\">INTERNACIONALIZACI\u00d3N<\/a>\n<ul class=\"sub-menu elementor-nav-menu--dropdown\">\n\t<li class=\"menu-item menu-item-type-post_type menu-item-object-page menu-item-639\"><a href=\"https:\/\/departamentoeducacion.ufro.cl\/?page_id=634\" class=\"elementor-sub-item\">CONVENIOS<\/a><\/li>\n\t<li class=\"menu-item menu-item-type-post_type menu-item-object-page menu-item-640\"><a href=\"https:\/\/departamentoeducacion.ufro.cl\/?page_id=635\" class=\"elementor-sub-item\">ACTIVIDADES<\/a><\/li>\n\t<li class=\"menu-item menu-item-type-post_type menu-item-object-page menu-item-976\"><a href=\"https:\/\/departamentoeducacion.ufro.cl\/?page_id=973\" class=\"elementor-sub-item\">NOTICIAS<\/a><\/li>\n<\/ul>\n<\/li>\n<li class=\"menu-item menu-item-type-post_type menu-item-object-page menu-item-955\"><a href=\"https:\/\/departamentoeducacion.ufro.cl\/?page_id=952\" class=\"elementor-item\">NOTICIAS<\/a><\/li>\n<\/ul>\t\t\t<\/nav>\n\t\t\t\t\t<div class=\"elementor-menu-toggle\" role=\"button\" tabindex=\"0\" aria-label=\"Menu Toggle\" aria-expanded=\"false\">\n\t\t\t<i aria-hidden=\"true\" role=\"presentation\" class=\"elementor-menu-toggle__icon--open elementor-animation-grow eicon-menu-bar\"><\/i><i aria-hidden=\"true\" role=\"presentation\" class=\"elementor-menu-toggle__icon--close elementor-animation-grow eicon-close\"><\/i>\t\t<\/div>\n\t\t\t\t\t<nav class=\"elementor-nav-menu--dropdown elementor-nav-menu__container\" aria-hidden=\"true\">\n\t\t\t\t<ul id=\"menu-2-d4984e3\" class=\"elementor-nav-menu\"><li class=\"menu-item menu-item-type-post_type menu-item-object-page menu-item-home menu-item-68\"><a href=\"https:\/\/departamentoeducacion.ufro.cl\/\" class=\"elementor-item\" tabindex=\"-1\">INICIO<\/a><\/li>\n<li class=\"menu-item menu-item-type-custom menu-item-object-custom menu-item-has-children menu-item-28\"><a href=\"http:\/\/*\" class=\"elementor-item\" tabindex=\"-1\">QUI\u00c9NES SOMOS<\/a>\n<ul class=\"sub-menu elementor-nav-menu--dropdown\">\n\t<li class=\"menu-item menu-item-type-post_type menu-item-object-page menu-item-38\"><a href=\"https:\/\/departamentoeducacion.ufro.cl\/?page_id=18\" class=\"elementor-sub-item\" tabindex=\"-1\">RESE\u00d1A DEPARTAMENTO<\/a><\/li>\n\t<li class=\"menu-item menu-item-type-post_type menu-item-object-page menu-item-40\"><a href=\"https:\/\/departamentoeducacion.ufro.cl\/?page_id=20\" class=\"elementor-sub-item\" tabindex=\"-1\">EQUIPO GESTI\u00d3N<\/a><\/li>\n<\/ul>\n<\/li>\n<li class=\"menu-item menu-item-type-post_type menu-item-object-page menu-item-39\"><a href=\"https:\/\/departamentoeducacion.ufro.cl\/?page_id=19\" class=\"elementor-item\" tabindex=\"-1\">ACAD\u00c9MICOS<\/a><\/li>\n<li class=\"menu-item menu-item-type-post_type menu-item-object-page menu-item-986\"><a href=\"https:\/\/departamentoeducacion.ufro.cl\/?page_id=983\" class=\"elementor-item\" tabindex=\"-1\">INVESTIGACI\u00d3N Y DESARROLLO<\/a><\/li>\n<li class=\"menu-item menu-item-type-custom menu-item-object-custom menu-item-has-children menu-item-627\"><a href=\"#\" class=\"elementor-item elementor-item-anchor\" tabindex=\"-1\">POSTGRADO<\/a>\n<ul class=\"sub-menu elementor-nav-menu--dropdown\">\n\t<li class=\"menu-item menu-item-type-post_type menu-item-object-page menu-item-630\"><a href=\"https:\/\/departamentoeducacion.ufro.cl\/?page_id=625\" class=\"elementor-sub-item\" tabindex=\"-1\">M\u00c1GISTER<\/a><\/li>\n\t<li class=\"menu-item menu-item-type-post_type menu-item-object-page menu-item-631\"><a href=\"https:\/\/departamentoeducacion.ufro.cl\/?page_id=626\" class=\"elementor-sub-item\" tabindex=\"-1\">DOCTORADO<\/a><\/li>\n<\/ul>\n<\/li>\n<li class=\"menu-item menu-item-type-custom menu-item-object-custom menu-item-has-children menu-item-198\"><a href=\"#\" class=\"elementor-item elementor-item-anchor\" tabindex=\"-1\">VINCULACI\u00d3N CON EL MEDIO<\/a>\n<ul class=\"sub-menu elementor-nav-menu--dropdown\">\n\t<li class=\"menu-item menu-item-type-post_type menu-item-object-page menu-item-206\"><a target=\"_blank\" href=\"https:\/\/departamentoeducacion.ufro.cl\/?page_id=199\" class=\"elementor-sub-item\" tabindex=\"-1\">EDUCACI\u00d3N CONTINUA<\/a><\/li>\n\t<li class=\"menu-item menu-item-type-post_type menu-item-object-page menu-item-208\"><a target=\"_blank\" href=\"https:\/\/departamentoeducacion.ufro.cl\/?page_id=201\" class=\"elementor-sub-item\" tabindex=\"-1\">PROYECTOS EXTENSI\u00d3N Y VINCULACI\u00d3N CON EL MEDIO<\/a><\/li>\n<\/ul>\n<\/li>\n<li class=\"menu-item menu-item-type-custom menu-item-object-custom menu-item-has-children menu-item-636\"><a href=\"#\" class=\"elementor-item elementor-item-anchor\" tabindex=\"-1\">INTERNACIONALIZACI\u00d3N<\/a>\n<ul class=\"sub-menu elementor-nav-menu--dropdown\">\n\t<li class=\"menu-item menu-item-type-post_type menu-item-object-page menu-item-639\"><a href=\"https:\/\/departamentoeducacion.ufro.cl\/?page_id=634\" class=\"elementor-sub-item\" tabindex=\"-1\">CONVENIOS<\/a><\/li>\n\t<li class=\"menu-item menu-item-type-post_type menu-item-object-page menu-item-640\"><a href=\"https:\/\/departamentoeducacion.ufro.cl\/?page_id=635\" class=\"elementor-sub-item\" tabindex=\"-1\">ACTIVIDADES<\/a><\/li>\n\t<li class=\"menu-item menu-item-type-post_type menu-item-object-page menu-item-976\"><a href=\"https:\/\/departamentoeducacion.ufro.cl\/?page_id=973\" class=\"elementor-sub-item\" tabindex=\"-1\">NOTICIAS<\/a><\/li>\n<\/ul>\n<\/li>\n<li class=\"menu-item menu-item-type-post_type menu-item-object-page menu-item-955\"><a href=\"https:\/\/departamentoeducacion.ufro.cl\/?page_id=952\" class=\"elementor-item\" tabindex=\"-1\">NOTICIAS<\/a><\/li>\n<\/ul>\t\t\t<\/nav>\n\t\t\t\t\t\t<\/div>\n\t\t\t\t<\/div>\n\t\t\t\t\t<\/div>\n\t\t<\/div>\n\t\t\t\t\t<\/div>\n\t\t<\/section>\n\t\t\t\t<section class=\"elementor-section elementor-top-section elementor-element elementor-element-ccfa794 elementor-section-boxed elementor-section-height-default elementor-section-height-default\" data-id=\"ccfa794\" data-element_type=\"section\">\n\t\t\t\t\t\t<div class=\"elementor-container elementor-column-gap-default\">\n\t\t\t\t\t<div class=\"elementor-column elementor-col-50 elementor-top-column elementor-element elementor-element-bc31970\" data-id=\"bc31970\" data-element_type=\"column\">\n\t\t\t<div class=\"elementor-widget-wrap elementor-element-populated\">\n\t\t\t\t\t\t<div class=\"elementor-element elementor-element-13f9e09 elementor-widget elementor-widget-text-editor\" data-id=\"13f9e09\" data-element_type=\"widget\" data-widget_type=\"text-editor.default\">\n\t\t\t\t<div class=\"elementor-widget-container\">\n\t\t\t\t\t\t\t\t\t<p><strong>T\u00e9rmino Jornada CPEIP<\/strong><\/p>\t\t\t\t\t\t\t\t<\/div>\n\t\t\t\t<\/div>\n\t\t\t\t<div class=\"elementor-element elementor-element-3abdc0c elementor-widget elementor-widget-image-gallery\" data-id=\"3abdc0c\" data-element_type=\"widget\" data-widget_type=\"image-gallery.default\">\n\t\t\t\t<div class=\"elementor-widget-container\">\n\t\t\t\t\t\t\t<div class=\"elementor-image-gallery\">\n\t\t\t<div id='gallery-1' class='gallery galleryid-635 gallery-columns-4 gallery-size-thumbnail'><figure class='gallery-item'>\n\t\t\t<div class='gallery-icon landscape'>\n\t\t\t\t<a data-elementor-open-lightbox=\"yes\" data-elementor-lightbox-slideshow=\"3abdc0c\" data-elementor-lightbox-title=\"Imagen de WhatsApp 2024-01-16 a las 10.30.13_b3c7d7cd\" data-e-action-hash=\"#elementor-action%3Aaction%3Dlightbox%26settings%3DeyJpZCI6OTQ1LCJ1cmwiOiJodHRwczpcL1wvZGVwYXJ0YW1lbnRvZWR1Y2FjaW9uLnVmcm8uY2xcL3dwLWNvbnRlbnRcL3VwbG9hZHNcLzIwMjRcLzAyXC9JbWFnZW4tZGUtV2hhdHNBcHAtMjAyNC0wMS0xNi1hLWxhcy0xMC4zMC4xM19iM2M3ZDdjZC5qcGciLCJzbGlkZXNob3ciOiIzYWJkYzBjIn0%3D\" href='https:\/\/departamentoeducacion.ufro.cl\/wp-content\/uploads\/2024\/02\/Imagen-de-WhatsApp-2024-01-16-a-las-10.30.13_b3c7d7cd.jpg'><img decoding=\"async\" width=\"150\" height=\"150\" src=\"https:\/\/departamentoeducacion.ufro.cl\/wp-content\/uploads\/2024\/02\/Imagen-de-WhatsApp-2024-01-16-a-las-10.30.13_b3c7d7cd-150x150.jpg\" class=\"attachment-thumbnail size-thumbnail\" alt=\"\" srcset=\"https:\/\/departamentoeducacion.ufro.cl\/wp-content\/uploads\/2024\/02\/Imagen-de-WhatsApp-2024-01-16-a-las-10.30.13_b3c7d7cd-150x150.jpg 150w, https:\/\/departamentoeducacion.ufro.cl\/wp-content\/uploads\/2024\/02\/Imagen-de-WhatsApp-2024-01-16-a-las-10.30.13_b3c7d7cd-300x300.jpg 300w, https:\/\/departamentoeducacion.ufro.cl\/wp-content\/uploads\/2024\/02\/Imagen-de-WhatsApp-2024-01-16-a-las-10.30.13_b3c7d7cd-75x75.jpg 75w\" sizes=\"(max-width: 150px) 100vw, 150px\" \/><\/a>\n\t\t\t<\/div><\/figure><figure class='gallery-item'>\n\t\t\t<div class='gallery-icon landscape'>\n\t\t\t\t<a data-elementor-open-lightbox=\"yes\" data-elementor-lightbox-slideshow=\"3abdc0c\" data-elementor-lightbox-title=\"Imagen de WhatsApp 2024-01-16 a las 10.30.13_35ed6834\" data-e-action-hash=\"#elementor-action%3Aaction%3Dlightbox%26settings%3DeyJpZCI6OTQ2LCJ1cmwiOiJodHRwczpcL1wvZGVwYXJ0YW1lbnRvZWR1Y2FjaW9uLnVmcm8uY2xcL3dwLWNvbnRlbnRcL3VwbG9hZHNcLzIwMjRcLzAyXC9JbWFnZW4tZGUtV2hhdHNBcHAtMjAyNC0wMS0xNi1hLWxhcy0xMC4zMC4xM18zNWVkNjgzNC5qcGciLCJzbGlkZXNob3ciOiIzYWJkYzBjIn0%3D\" href='https:\/\/departamentoeducacion.ufro.cl\/wp-content\/uploads\/2024\/02\/Imagen-de-WhatsApp-2024-01-16-a-las-10.30.13_35ed6834.jpg'><img decoding=\"async\" width=\"150\" height=\"150\" src=\"https:\/\/departamentoeducacion.ufro.cl\/wp-content\/uploads\/2024\/02\/Imagen-de-WhatsApp-2024-01-16-a-las-10.30.13_35ed6834-150x150.jpg\" class=\"attachment-thumbnail size-thumbnail\" alt=\"\" srcset=\"https:\/\/departamentoeducacion.ufro.cl\/wp-content\/uploads\/2024\/02\/Imagen-de-WhatsApp-2024-01-16-a-las-10.30.13_35ed6834-150x150.jpg 150w, https:\/\/departamentoeducacion.ufro.cl\/wp-content\/uploads\/2024\/02\/Imagen-de-WhatsApp-2024-01-16-a-las-10.30.13_35ed6834-300x300.jpg 300w, https:\/\/departamentoeducacion.ufro.cl\/wp-content\/uploads\/2024\/02\/Imagen-de-WhatsApp-2024-01-16-a-las-10.30.13_35ed6834-75x75.jpg 75w\" sizes=\"(max-width: 150px) 100vw, 150px\" \/><\/a>\n\t\t\t<\/div><\/figure>\n\t\t<\/div>\n\t\t<\/div>\n\t\t\t\t\t\t<\/div>\n\t\t\t\t<\/div>\n\t\t\t\t\t<\/div>\n\t\t<\/div>\n\t\t\t\t<div class=\"elementor-column elementor-col-50 elementor-top-column elementor-element elementor-element-aadac9c\" data-id=\"aadac9c\" data-element_type=\"column\">\n\t\t\t<div class=\"elementor-widget-wrap\">\n\t\t\t\t\t\t\t<\/div>\n\t\t<\/div>\n\t\t\t\t\t<\/div>\n\t\t<\/section>\n\t\t\t\t<section class=\"elementor-section elementor-top-section elementor-element elementor-element-e60984b elementor-section-boxed elementor-section-height-default elementor-section-height-default\" data-id=\"e60984b\" data-element_type=\"section\">\n\t\t\t\t\t\t<div class=\"elementor-container elementor-column-gap-default\">\n\t\t\t\t\t<div class=\"elementor-column elementor-col-100 elementor-top-column elementor-element elementor-element-94cc5c1\" data-id=\"94cc5c1\" data-element_type=\"column\">\n\t\t\t<div class=\"elementor-widget-wrap elementor-element-populated\">\n\t\t\t\t\t\t<div class=\"elementor-element elementor-element-440e126 elementor-widget-divider--view-line elementor-widget elementor-widget-divider\" data-id=\"440e126\" data-element_type=\"widget\" data-widget_type=\"divider.default\">\n\t\t\t\t<div class=\"elementor-widget-container\">\n\t\t\t\t\t\t\t<div class=\"elementor-divider\">\n\t\t\t<span class=\"elementor-divider-separator\">\n\t\t\t\t\t\t<\/span>\n\t\t<\/div>\n\t\t\t\t\t\t<\/div>\n\t\t\t\t<\/div>\n\t\t\t\t\t<\/div>\n\t\t<\/div>\n\t\t\t\t\t<\/div>\n\t\t<\/section>\n\t\t\t\t<section class=\"elementor-section elementor-top-section elementor-element elementor-element-9a154a7 elementor-section-boxed elementor-section-height-default elementor-section-height-default\" data-id=\"9a154a7\" data-element_type=\"section\">\n\t\t\t\t\t\t<div class=\"elementor-container elementor-column-gap-default\">\n\t\t\t\t\t<div class=\"elementor-column elementor-col-25 elementor-top-column elementor-element elementor-element-3b245d1\" data-id=\"3b245d1\" data-element_type=\"column\">\n\t\t\t<div class=\"elementor-widget-wrap elementor-element-populated\">\n\t\t\t\t\t\t<div class=\"elementor-element elementor-element-f20deca elementor-widget elementor-widget-counter\" data-id=\"f20deca\" data-element_type=\"widget\" data-widget_type=\"counter.default\">\n\t\t\t\t<div class=\"elementor-widget-container\">\n\t\t\t\t\t\t\t<div class=\"elementor-counter\">\n\t\t\t<div class=\"elementor-counter-title\">Visitas<\/div>\t\t\t<div class=\"elementor-counter-number-wrapper\">\n\t\t\t\t<span class=\"elementor-counter-number-prefix\"><\/span>\n\t\t\t\t<span class=\"elementor-counter-number\" data-duration=\"2000\" data-to-value=\"100\" data-from-value=\"0\" data-delimiter=\",\">0<\/span>\n\t\t\t\t<span class=\"elementor-counter-number-suffix\"><\/span>\n\t\t\t<\/div>\n\t\t<\/div>\n\t\t\t\t\t\t<\/div>\n\t\t\t\t<\/div>\n\t\t\t\t\t<\/div>\n\t\t<\/div>\n\t\t\t\t<div class=\"elementor-column elementor-col-25 elementor-top-column elementor-element elementor-element-288945c\" data-id=\"288945c\" data-element_type=\"column\">\n\t\t\t<div class=\"elementor-widget-wrap elementor-element-populated\">\n\t\t\t\t\t\t<div class=\"elementor-element elementor-element-f93d1c4 elementor-shape-circle elementor-grid-0 e-grid-align-center elementor-widget elementor-widget-social-icons\" data-id=\"f93d1c4\" data-element_type=\"widget\" data-widget_type=\"social-icons.default\">\n\t\t\t\t<div class=\"elementor-widget-container\">\n\t\t\t\t\t\t\t<div class=\"elementor-social-icons-wrapper elementor-grid\" role=\"list\">\n\t\t\t\t\t\t\t<span class=\"elementor-grid-item\" role=\"listitem\">\n\t\t\t\t\t<a class=\"elementor-icon elementor-social-icon elementor-social-icon-facebook elementor-repeater-item-4a2c118\" target=\"_blank\">\n\t\t\t\t\t\t<span class=\"elementor-screen-only\">Facebook<\/span>\n\t\t\t\t\t\t<i aria-hidden=\"true\" class=\"fab fa-facebook\"><\/i>\t\t\t\t\t<\/a>\n\t\t\t\t<\/span>\n\t\t\t\t\t\t\t<span class=\"elementor-grid-item\" role=\"listitem\">\n\t\t\t\t\t<a class=\"elementor-icon elementor-social-icon elementor-social-icon-twitter elementor-repeater-item-597661f\" target=\"_blank\">\n\t\t\t\t\t\t<span class=\"elementor-screen-only\">Twitter<\/span>\n\t\t\t\t\t\t<i aria-hidden=\"true\" class=\"fab fa-twitter\"><\/i>\t\t\t\t\t<\/a>\n\t\t\t\t<\/span>\n\t\t\t\t\t\t\t<span class=\"elementor-grid-item\" role=\"listitem\">\n\t\t\t\t\t<a class=\"elementor-icon elementor-social-icon elementor-social-icon-youtube elementor-repeater-item-00fd122\" target=\"_blank\">\n\t\t\t\t\t\t<span class=\"elementor-screen-only\">Youtube<\/span>\n\t\t\t\t\t\t<i aria-hidden=\"true\" class=\"fab fa-youtube\"><\/i>\t\t\t\t\t<\/a>\n\t\t\t\t<\/span>\n\t\t\t\t\t<\/div>\n\t\t\t\t\t\t<\/div>\n\t\t\t\t<\/div>\n\t\t\t\t\t<\/div>\n\t\t<\/div>\n\t\t\t\t<div class=\"elementor-column elementor-col-25 elementor-top-column elementor-element elementor-element-f081024\" data-id=\"f081024\" data-element_type=\"column\">\n\t\t\t<div class=\"elementor-widget-wrap elementor-element-populated\">\n\t\t\t\t\t\t<div class=\"elementor-element elementor-element-1c9e282 elementor-widget elementor-widget-text-editor\" data-id=\"1c9e282\" data-element_type=\"widget\" data-widget_type=\"text-editor.default\">\n\t\t\t\t<div class=\"elementor-widget-container\">\n\t\t\t\t\t\t\t\t\t<p><strong>GISELA MADELINE NAVARRO MERINO<\/strong><\/p><p>Fono 45 2325366 Of. Secretar\u00eda Departamento Educaci\u00f3n<\/p>\t\t\t\t\t\t\t\t<\/div>\n\t\t\t\t<\/div>\n\t\t\t\t\t<\/div>\n\t\t<\/div>\n\t\t\t\t<div class=\"elementor-column elementor-col-25 elementor-top-column elementor-element elementor-element-bda000a\" data-id=\"bda000a\" data-element_type=\"column\">\n\t\t\t<div class=\"elementor-widget-wrap elementor-element-populated\">\n\t\t\t\t\t\t<div class=\"elementor-element elementor-element-9d32187 elementor-widget elementor-widget-image\" data-id=\"9d32187\" data-element_type=\"widget\" data-widget_type=\"image.default\">\n\t\t\t\t<div class=\"elementor-widget-container\">\n\t\t\t\t\t\t\t\t\t\t\t\t\t\t\t<img decoding=\"async\" width=\"485\" height=\"88\" src=\"https:\/\/departamentoeducacion.ufro.cl\/wp-content\/uploads\/2019\/05\/sello-acreditacion.jpg\" class=\"attachment-large size-large wp-image-118\" alt=\"\" srcset=\"https:\/\/departamentoeducacion.ufro.cl\/wp-content\/uploads\/2019\/05\/sello-acreditacion.jpg 485w, https:\/\/departamentoeducacion.ufro.cl\/wp-content\/uploads\/2019\/05\/sello-acreditacion-300x54.jpg 300w\" sizes=\"(max-width: 485px) 100vw, 485px\" \/>\t\t\t\t\t\t\t\t\t\t\t\t\t\t\t<\/div>\n\t\t\t\t<\/div>\n\t\t\t\t\t<\/div>\n\t\t<\/div>\n\t\t\t\t\t<\/div>\n\t\t<\/section>\n\t\t\t\t<section class=\"elementor-section elementor-top-section elementor-element elementor-element-8c372fe elementor-section-boxed elementor-section-height-default elementor-section-height-default\" data-id=\"8c372fe\" data-element_type=\"section\">\n\t\t\t\t\t\t<div class=\"elementor-container elementor-column-gap-default\">\n\t\t\t\t\t<div class=\"elementor-column elementor-col-100 elementor-top-column elementor-element elementor-element-537f1c6\" data-id=\"537f1c6\" data-element_type=\"column\">\n\t\t\t<div class=\"elementor-widget-wrap elementor-element-populated\">\n\t\t\t\t\t\t<div class=\"elementor-element elementor-element-296738d elementor-widget-divider--view-line elementor-widget elementor-widget-divider\" data-id=\"296738d\" data-element_type=\"widget\" data-widget_type=\"divider.default\">\n\t\t\t\t<div class=\"elementor-widget-container\">\n\t\t\t\t\t\t\t<div class=\"elementor-divider\">\n\t\t\t<span class=\"elementor-divider-separator\">\n\t\t\t\t\t\t<\/span>\n\t\t<\/div>\n\t\t\t\t\t\t<\/div>\n\t\t\t\t<\/div>\n\t\t\t\t\t<\/div>\n\t\t<\/div>\n\t\t\t\t\t<\/div>\n\t\t<\/section>\n\t\t\t\t<\/div>\n\t\t","protected":false},"excerpt":{"rendered":"<p>T\u00e9rmino Jornada CPEIP 0 Visitas Facebook Twitter Youtube GISELA MADELINE NAVARRO MERINO Fono 45 2325366 Of. Secretar\u00eda Departamento Educaci\u00f3n<\/p>\n","protected":false},"author":1,"featured_media":0,"parent":0,"menu_order":0,"comment_status":"closed","ping_status":"closed","template":"","meta":{"footnotes":""},"class_list":["post-635","page","type-page","status-publish","hentry"],"_links":{"self":[{"href":"https:\/\/departamentoeducacion.ufro.cl\/index.php?rest_route=\/wp\/v2\/pages\/635","targetHints":{"allow":["GET"]}}],"collection":[{"href":"https:\/\/departamentoeducacion.ufro.cl\/index.php?rest_route=\/wp\/v2\/pages"}],"about":[{"href":"https:\/\/departamentoeducacion.ufro.cl\/index.php?rest_route=\/wp\/v2\/types\/page"}],"author":[{"embeddable":true,"href":"https:\/\/departamentoeducacion.ufro.cl\/index.php?rest_route=\/wp\/v2\/users\/1"}],"replies":[{"embeddable":true,"href":"https:\/\/departamentoeducacion.ufro.cl\/index.php?rest_route=%2Fwp%2Fv2%2Fcomments&post=635"}],"version-history":[{"count":10,"href":"https:\/\/departamentoeducacion.ufro.cl\/index.php?rest_route=\/wp\/v2\/pages\/635\/revisions"}],"predecessor-version":[{"id":949,"href":"https:\/\/departamentoeducacion.ufro.cl\/index.php?rest_route=\/wp\/v2\/pages\/635\/revisions\/949"}],"wp:attachment":[{"href":"https:\/\/departamentoeducacion.ufro.cl\/index.php?rest_route=%2Fwp%2Fv2%2Fmedia&parent=635"}],"curies":[{"name":"wp","href":"https:\/\/api.w.org\/{rel}","templated":true}]}}