{"id":20,"date":"2019-05-06T15:31:40","date_gmt":"2019-05-06T15:31:40","guid":{"rendered":"http:\/\/departamentoeducacion.ufro.cl\/?page_id=20"},"modified":"2025-11-06T15:03:14","modified_gmt":"2025-11-06T15:03:14","slug":"equipo-trabajo-capital-humano","status":"publish","type":"page","link":"https:\/\/departamentoeducacion.ufro.cl\/?page_id=20","title":{"rendered":"EQUIPO TRABAJO \/ CAPITAL HUMANO"},"content":{"rendered":"\t\t<div data-elementor-type=\"wp-page\" data-elementor-id=\"20\" class=\"elementor elementor-20\" data-elementor-post-type=\"page\">\n\t\t\t\t\t\t<section class=\"elementor-section elementor-top-section elementor-element elementor-element-0f12f88 elementor-section-boxed elementor-section-height-default elementor-section-height-default\" data-id=\"0f12f88\" data-element_type=\"section\">\n\t\t\t\t\t\t<div class=\"elementor-container elementor-column-gap-default\">\n\t\t\t\t\t<div class=\"elementor-column elementor-col-100 elementor-top-column elementor-element elementor-element-0a6877a\" data-id=\"0a6877a\" data-element_type=\"column\">\n\t\t\t<div class=\"elementor-widget-wrap elementor-element-populated\">\n\t\t\t\t\t\t<div class=\"elementor-element elementor-element-f162789 elementor--h-position-center elementor--v-position-middle elementor-arrows-position-inside elementor-pagination-position-inside elementor-widget elementor-widget-slides\" data-id=\"f162789\" data-element_type=\"widget\" data-settings=\"{&quot;navigation&quot;:&quot;both&quot;,&quot;autoplay&quot;:&quot;yes&quot;,&quot;pause_on_hover&quot;:&quot;yes&quot;,&quot;pause_on_interaction&quot;:&quot;yes&quot;,&quot;autoplay_speed&quot;:5000,&quot;infinite&quot;:&quot;yes&quot;,&quot;transition&quot;:&quot;slide&quot;,&quot;transition_speed&quot;:500}\" data-widget_type=\"slides.default\">\n\t\t\t\t<div class=\"elementor-widget-container\">\n\t\t\t\t\t\t\t\t\t<div class=\"elementor-swiper\">\n\t\t\t\t\t<div class=\"elementor-slides-wrapper elementor-main-swiper swiper\" role=\"region\" aria-roledescription=\"carousel\" aria-label=\"Slides\" dir=\"ltr\" data-animation=\"fadeInUp\">\n\t\t\t\t<div class=\"swiper-wrapper elementor-slides\">\n\t\t\t\t\t\t\t\t\t\t<div class=\"elementor-repeater-item-2fcdd86 swiper-slide\" role=\"group\" aria-roledescription=\"slide\"><div class=\"swiper-slide-bg\" role=\"img\" aria-label=\"depto educ\"><\/div><div class=\"swiper-slide-inner\" ><div class=\"swiper-slide-contents\"><\/div><\/div><\/div>\t\t\t\t<\/div>\n\t\t\t\t\t\t\t<\/div>\n\t\t\t\t<\/div>\n\t\t\t\t\t\t\t\t<\/div>\n\t\t\t\t<\/div>\n\t\t\t\t<div class=\"elementor-element elementor-element-a555b72 elementor-nav-menu__align-center elementor-nav-menu--dropdown-tablet elementor-nav-menu__text-align-aside elementor-nav-menu--toggle elementor-nav-menu--burger elementor-widget elementor-widget-nav-menu\" data-id=\"a555b72\" data-element_type=\"widget\" data-settings=\"{&quot;toggle_icon_hover_animation&quot;:&quot;grow&quot;,&quot;layout&quot;:&quot;horizontal&quot;,&quot;submenu_icon&quot;:{&quot;value&quot;:&quot;&lt;i class=\\&quot;fas fa-caret-down\\&quot; aria-hidden=\\&quot;true\\&quot;&gt;&lt;\\\/i&gt;&quot;,&quot;library&quot;:&quot;fa-solid&quot;},&quot;toggle&quot;:&quot;burger&quot;}\" data-widget_type=\"nav-menu.default\">\n\t\t\t\t<div class=\"elementor-widget-container\">\n\t\t\t\t\t\t\t\t<nav aria-label=\"Menu\" class=\"elementor-nav-menu--main elementor-nav-menu__container elementor-nav-menu--layout-horizontal e--pointer-underline e--animation-fade\">\n\t\t\t\t<ul id=\"menu-1-a555b72\" class=\"elementor-nav-menu\"><li class=\"menu-item menu-item-type-post_type menu-item-object-page menu-item-home menu-item-68\"><a href=\"https:\/\/departamentoeducacion.ufro.cl\/\" class=\"elementor-item\">INICIO<\/a><\/li>\n<li class=\"menu-item menu-item-type-custom menu-item-object-custom menu-item-has-children menu-item-28\"><a href=\"http:\/\/*\" class=\"elementor-item\">QUI\u00c9NES SOMOS<\/a>\n<ul class=\"sub-menu elementor-nav-menu--dropdown\">\n\t<li class=\"menu-item menu-item-type-post_type menu-item-object-page menu-item-38\"><a href=\"https:\/\/departamentoeducacion.ufro.cl\/?page_id=18\" class=\"elementor-sub-item\">RESE\u00d1A DEPARTAMENTO<\/a><\/li>\n\t<li class=\"menu-item menu-item-type-post_type menu-item-object-page menu-item-40\"><a href=\"https:\/\/departamentoeducacion.ufro.cl\/?page_id=20\" class=\"elementor-sub-item\">EQUIPO GESTI\u00d3N<\/a><\/li>\n<\/ul>\n<\/li>\n<li class=\"menu-item menu-item-type-post_type menu-item-object-page menu-item-39\"><a href=\"https:\/\/departamentoeducacion.ufro.cl\/?page_id=19\" class=\"elementor-item\">ACAD\u00c9MICOS<\/a><\/li>\n<li class=\"menu-item menu-item-type-post_type menu-item-object-page menu-item-986\"><a href=\"https:\/\/departamentoeducacion.ufro.cl\/?page_id=983\" class=\"elementor-item\">INVESTIGACI\u00d3N Y DESARROLLO<\/a><\/li>\n<li class=\"menu-item menu-item-type-custom menu-item-object-custom menu-item-has-children menu-item-627\"><a href=\"#\" class=\"elementor-item elementor-item-anchor\">POSTGRADO<\/a>\n<ul class=\"sub-menu elementor-nav-menu--dropdown\">\n\t<li class=\"menu-item menu-item-type-post_type menu-item-object-page menu-item-630\"><a href=\"https:\/\/departamentoeducacion.ufro.cl\/?page_id=625\" class=\"elementor-sub-item\">M\u00c1GISTER<\/a><\/li>\n\t<li class=\"menu-item menu-item-type-post_type menu-item-object-page menu-item-631\"><a href=\"https:\/\/departamentoeducacion.ufro.cl\/?page_id=626\" class=\"elementor-sub-item\">DOCTORADO<\/a><\/li>\n<\/ul>\n<\/li>\n<li class=\"menu-item menu-item-type-custom menu-item-object-custom menu-item-has-children menu-item-198\"><a href=\"#\" class=\"elementor-item elementor-item-anchor\">VINCULACI\u00d3N CON EL MEDIO<\/a>\n<ul class=\"sub-menu elementor-nav-menu--dropdown\">\n\t<li class=\"menu-item menu-item-type-post_type menu-item-object-page menu-item-206\"><a target=\"_blank\" href=\"https:\/\/departamentoeducacion.ufro.cl\/?page_id=199\" class=\"elementor-sub-item\">EDUCACI\u00d3N CONTINUA<\/a><\/li>\n\t<li class=\"menu-item menu-item-type-post_type menu-item-object-page menu-item-208\"><a target=\"_blank\" href=\"https:\/\/departamentoeducacion.ufro.cl\/?page_id=201\" class=\"elementor-sub-item\">PROYECTOS EXTENSI\u00d3N Y VINCULACI\u00d3N CON EL MEDIO<\/a><\/li>\n<\/ul>\n<\/li>\n<li class=\"menu-item menu-item-type-custom menu-item-object-custom menu-item-has-children menu-item-636\"><a href=\"#\" class=\"elementor-item elementor-item-anchor\">INTERNACIONALIZACI\u00d3N<\/a>\n<ul class=\"sub-menu elementor-nav-menu--dropdown\">\n\t<li class=\"menu-item menu-item-type-post_type menu-item-object-page menu-item-639\"><a href=\"https:\/\/departamentoeducacion.ufro.cl\/?page_id=634\" class=\"elementor-sub-item\">CONVENIOS<\/a><\/li>\n\t<li class=\"menu-item menu-item-type-post_type menu-item-object-page menu-item-640\"><a href=\"https:\/\/departamentoeducacion.ufro.cl\/?page_id=635\" class=\"elementor-sub-item\">ACTIVIDADES<\/a><\/li>\n\t<li class=\"menu-item menu-item-type-post_type menu-item-object-page menu-item-976\"><a href=\"https:\/\/departamentoeducacion.ufro.cl\/?page_id=973\" class=\"elementor-sub-item\">NOTICIAS<\/a><\/li>\n<\/ul>\n<\/li>\n<li class=\"menu-item menu-item-type-post_type menu-item-object-page menu-item-955\"><a href=\"https:\/\/departamentoeducacion.ufro.cl\/?page_id=952\" class=\"elementor-item\">NOTICIAS<\/a><\/li>\n<\/ul>\t\t\t<\/nav>\n\t\t\t\t\t<div class=\"elementor-menu-toggle\" role=\"button\" tabindex=\"0\" aria-label=\"Menu Toggle\" aria-expanded=\"false\">\n\t\t\t<i aria-hidden=\"true\" role=\"presentation\" class=\"elementor-menu-toggle__icon--open elementor-animation-grow eicon-menu-bar\"><\/i><i aria-hidden=\"true\" role=\"presentation\" class=\"elementor-menu-toggle__icon--close elementor-animation-grow eicon-close\"><\/i>\t\t<\/div>\n\t\t\t\t\t<nav class=\"elementor-nav-menu--dropdown elementor-nav-menu__container\" aria-hidden=\"true\">\n\t\t\t\t<ul id=\"menu-2-a555b72\" class=\"elementor-nav-menu\"><li class=\"menu-item menu-item-type-post_type menu-item-object-page menu-item-home menu-item-68\"><a href=\"https:\/\/departamentoeducacion.ufro.cl\/\" class=\"elementor-item\" tabindex=\"-1\">INICIO<\/a><\/li>\n<li class=\"menu-item menu-item-type-custom menu-item-object-custom menu-item-has-children menu-item-28\"><a href=\"http:\/\/*\" class=\"elementor-item\" tabindex=\"-1\">QUI\u00c9NES SOMOS<\/a>\n<ul class=\"sub-menu elementor-nav-menu--dropdown\">\n\t<li class=\"menu-item menu-item-type-post_type menu-item-object-page menu-item-38\"><a href=\"https:\/\/departamentoeducacion.ufro.cl\/?page_id=18\" class=\"elementor-sub-item\" tabindex=\"-1\">RESE\u00d1A DEPARTAMENTO<\/a><\/li>\n\t<li class=\"menu-item menu-item-type-post_type menu-item-object-page menu-item-40\"><a href=\"https:\/\/departamentoeducacion.ufro.cl\/?page_id=20\" class=\"elementor-sub-item\" tabindex=\"-1\">EQUIPO GESTI\u00d3N<\/a><\/li>\n<\/ul>\n<\/li>\n<li class=\"menu-item menu-item-type-post_type menu-item-object-page menu-item-39\"><a href=\"https:\/\/departamentoeducacion.ufro.cl\/?page_id=19\" class=\"elementor-item\" tabindex=\"-1\">ACAD\u00c9MICOS<\/a><\/li>\n<li class=\"menu-item menu-item-type-post_type menu-item-object-page menu-item-986\"><a href=\"https:\/\/departamentoeducacion.ufro.cl\/?page_id=983\" class=\"elementor-item\" tabindex=\"-1\">INVESTIGACI\u00d3N Y DESARROLLO<\/a><\/li>\n<li class=\"menu-item menu-item-type-custom menu-item-object-custom menu-item-has-children menu-item-627\"><a href=\"#\" class=\"elementor-item elementor-item-anchor\" tabindex=\"-1\">POSTGRADO<\/a>\n<ul class=\"sub-menu elementor-nav-menu--dropdown\">\n\t<li class=\"menu-item menu-item-type-post_type menu-item-object-page menu-item-630\"><a href=\"https:\/\/departamentoeducacion.ufro.cl\/?page_id=625\" class=\"elementor-sub-item\" tabindex=\"-1\">M\u00c1GISTER<\/a><\/li>\n\t<li class=\"menu-item menu-item-type-post_type menu-item-object-page menu-item-631\"><a href=\"https:\/\/departamentoeducacion.ufro.cl\/?page_id=626\" class=\"elementor-sub-item\" tabindex=\"-1\">DOCTORADO<\/a><\/li>\n<\/ul>\n<\/li>\n<li class=\"menu-item menu-item-type-custom menu-item-object-custom menu-item-has-children menu-item-198\"><a href=\"#\" class=\"elementor-item elementor-item-anchor\" tabindex=\"-1\">VINCULACI\u00d3N CON EL MEDIO<\/a>\n<ul class=\"sub-menu elementor-nav-menu--dropdown\">\n\t<li class=\"menu-item menu-item-type-post_type menu-item-object-page menu-item-206\"><a target=\"_blank\" href=\"https:\/\/departamentoeducacion.ufro.cl\/?page_id=199\" class=\"elementor-sub-item\" tabindex=\"-1\">EDUCACI\u00d3N CONTINUA<\/a><\/li>\n\t<li class=\"menu-item menu-item-type-post_type menu-item-object-page menu-item-208\"><a target=\"_blank\" href=\"https:\/\/departamentoeducacion.ufro.cl\/?page_id=201\" class=\"elementor-sub-item\" tabindex=\"-1\">PROYECTOS EXTENSI\u00d3N Y VINCULACI\u00d3N CON EL MEDIO<\/a><\/li>\n<\/ul>\n<\/li>\n<li class=\"menu-item menu-item-type-custom menu-item-object-custom menu-item-has-children menu-item-636\"><a href=\"#\" class=\"elementor-item elementor-item-anchor\" tabindex=\"-1\">INTERNACIONALIZACI\u00d3N<\/a>\n<ul class=\"sub-menu elementor-nav-menu--dropdown\">\n\t<li class=\"menu-item menu-item-type-post_type menu-item-object-page menu-item-639\"><a href=\"https:\/\/departamentoeducacion.ufro.cl\/?page_id=634\" class=\"elementor-sub-item\" tabindex=\"-1\">CONVENIOS<\/a><\/li>\n\t<li class=\"menu-item menu-item-type-post_type menu-item-object-page menu-item-640\"><a href=\"https:\/\/departamentoeducacion.ufro.cl\/?page_id=635\" class=\"elementor-sub-item\" tabindex=\"-1\">ACTIVIDADES<\/a><\/li>\n\t<li class=\"menu-item menu-item-type-post_type menu-item-object-page menu-item-976\"><a href=\"https:\/\/departamentoeducacion.ufro.cl\/?page_id=973\" class=\"elementor-sub-item\" tabindex=\"-1\">NOTICIAS<\/a><\/li>\n<\/ul>\n<\/li>\n<li class=\"menu-item menu-item-type-post_type menu-item-object-page menu-item-955\"><a href=\"https:\/\/departamentoeducacion.ufro.cl\/?page_id=952\" class=\"elementor-item\" tabindex=\"-1\">NOTICIAS<\/a><\/li>\n<\/ul>\t\t\t<\/nav>\n\t\t\t\t\t\t<\/div>\n\t\t\t\t<\/div>\n\t\t\t\t\t<\/div>\n\t\t<\/div>\n\t\t\t\t\t<\/div>\n\t\t<\/section>\n\t\t\t\t<section class=\"elementor-section elementor-top-section elementor-element elementor-element-8f755b7 elementor-section-boxed elementor-section-height-default elementor-section-height-default\" data-id=\"8f755b7\" data-element_type=\"section\">\n\t\t\t\t\t\t<div class=\"elementor-container elementor-column-gap-default\">\n\t\t\t\t\t<div class=\"elementor-column elementor-col-50 elementor-top-column elementor-element elementor-element-fa77b33\" data-id=\"fa77b33\" data-element_type=\"column\">\n\t\t\t<div class=\"elementor-widget-wrap elementor-element-populated\">\n\t\t\t\t\t\t<div class=\"elementor-element elementor-element-ae08abf elementor-widget elementor-widget-text-editor\" data-id=\"ae08abf\" data-element_type=\"widget\" data-widget_type=\"text-editor.default\">\n\t\t\t\t<div class=\"elementor-widget-container\">\n\t\t\t\t\t\t\t\t\t<h3>El Departamento de Educaci\u00f3n, es liderado por su Director, que es responsable ante el Decano de organizar la docencia, la investigaci\u00f3n, la vinculaci\u00f3n con el medio y el perfeccionamiento de su unidad acad\u00e9mica. Ser\u00e1 subrogado por el Secretario Acad\u00e9mico, quien lo asiste en la administraci\u00f3n junto al equipo de gesti\u00f3n disponible.<\/h3><h3 style=\"text-align: justify;\">El equipo de gesti\u00f3n apoya al director en: la elaboraci\u00f3n, implementaci\u00f3n y evaluaci\u00f3n del plan de Desarrollo del Departamento; supervisar y evaluar el trabajo acad\u00e9mico y administrativo de su unidad; registrar e ingresar la planificaci\u00f3n de la docencia seg\u00fan los requerimientos de las carreras de pregrado y del postgrado; administrar de acuerdo con las normas universitarias, los recursos econ\u00f3micos y humanos que se asignen al Departamento, entre otras tareas se\u00f1aladas en la normativa.\u00a0<\/h3>\t\t\t\t\t\t\t\t<\/div>\n\t\t\t\t<\/div>\n\t\t\t\t\t<\/div>\n\t\t<\/div>\n\t\t\t\t<div class=\"elementor-column elementor-col-50 elementor-top-column elementor-element elementor-element-9f6b1ea\" data-id=\"9f6b1ea\" data-element_type=\"column\">\n\t\t\t<div class=\"elementor-widget-wrap elementor-element-populated\">\n\t\t\t\t\t\t<div class=\"elementor-element elementor-element-dfbc52a elementor-widget elementor-widget-text-editor\" data-id=\"dfbc52a\" data-element_type=\"widget\" data-widget_type=\"text-editor.default\">\n\t\t\t\t<div class=\"elementor-widget-container\">\n\t\t\t\t\t\t\t\t\t<h4>Director Departamento: Dr. Jos\u00e9 Salazar Ascencio<\/h4><h4>Secretario Acad\u00e9mico Departamento: Dra. Miriam Le\u00f3n Herrera<\/h4><h4>Secretaria Departamento: Gisela Navarro M.<\/h4>\t\t\t\t\t\t\t\t<\/div>\n\t\t\t\t<\/div>\n\t\t\t\t\t<\/div>\n\t\t<\/div>\n\t\t\t\t\t<\/div>\n\t\t<\/section>\n\t\t\t\t<section class=\"elementor-section elementor-top-section elementor-element elementor-element-2aa9278 elementor-section-boxed elementor-section-height-default elementor-section-height-default\" data-id=\"2aa9278\" data-element_type=\"section\">\n\t\t\t\t\t\t<div class=\"elementor-container elementor-column-gap-default\">\n\t\t\t\t\t<div class=\"elementor-column elementor-col-100 elementor-top-column elementor-element elementor-element-11dc1d0\" data-id=\"11dc1d0\" data-element_type=\"column\">\n\t\t\t<div class=\"elementor-widget-wrap elementor-element-populated\">\n\t\t\t\t\t\t<div class=\"elementor-element elementor-element-61e518f elementor-widget-divider--view-line elementor-widget elementor-widget-divider\" data-id=\"61e518f\" data-element_type=\"widget\" data-widget_type=\"divider.default\">\n\t\t\t\t<div class=\"elementor-widget-container\">\n\t\t\t\t\t\t\t<div class=\"elementor-divider\">\n\t\t\t<span class=\"elementor-divider-separator\">\n\t\t\t\t\t\t<\/span>\n\t\t<\/div>\n\t\t\t\t\t\t<\/div>\n\t\t\t\t<\/div>\n\t\t\t\t\t<\/div>\n\t\t<\/div>\n\t\t\t\t\t<\/div>\n\t\t<\/section>\n\t\t\t\t<section class=\"elementor-section elementor-top-section elementor-element elementor-element-01d5c21 elementor-section-boxed elementor-section-height-default elementor-section-height-default\" data-id=\"01d5c21\" data-element_type=\"section\">\n\t\t\t\t\t\t<div class=\"elementor-container elementor-column-gap-default\">\n\t\t\t\t\t<div class=\"elementor-column elementor-col-25 elementor-top-column elementor-element elementor-element-92804a6\" data-id=\"92804a6\" data-element_type=\"column\">\n\t\t\t<div class=\"elementor-widget-wrap elementor-element-populated\">\n\t\t\t\t\t\t<div class=\"elementor-element elementor-element-61279be elementor-widget elementor-widget-counter\" data-id=\"61279be\" data-element_type=\"widget\" data-widget_type=\"counter.default\">\n\t\t\t\t<div class=\"elementor-widget-container\">\n\t\t\t\t\t\t\t<div class=\"elementor-counter\">\n\t\t\t<div class=\"elementor-counter-title\">Visitas<\/div>\t\t\t<div class=\"elementor-counter-number-wrapper\">\n\t\t\t\t<span class=\"elementor-counter-number-prefix\"><\/span>\n\t\t\t\t<span class=\"elementor-counter-number\" data-duration=\"2000\" data-to-value=\"100\" data-from-value=\"0\" data-delimiter=\",\">0<\/span>\n\t\t\t\t<span class=\"elementor-counter-number-suffix\"><\/span>\n\t\t\t<\/div>\n\t\t<\/div>\n\t\t\t\t\t\t<\/div>\n\t\t\t\t<\/div>\n\t\t\t\t\t<\/div>\n\t\t<\/div>\n\t\t\t\t<div class=\"elementor-column elementor-col-25 elementor-top-column elementor-element elementor-element-0d7e45f\" data-id=\"0d7e45f\" data-element_type=\"column\">\n\t\t\t<div class=\"elementor-widget-wrap elementor-element-populated\">\n\t\t\t\t\t\t<div class=\"elementor-element elementor-element-25a91a9 elementor-shape-circle elementor-grid-0 e-grid-align-center elementor-widget elementor-widget-social-icons\" data-id=\"25a91a9\" data-element_type=\"widget\" data-widget_type=\"social-icons.default\">\n\t\t\t\t<div class=\"elementor-widget-container\">\n\t\t\t\t\t\t\t<div class=\"elementor-social-icons-wrapper elementor-grid\" role=\"list\">\n\t\t\t\t\t\t\t<span class=\"elementor-grid-item\" role=\"listitem\">\n\t\t\t\t\t<a class=\"elementor-icon elementor-social-icon elementor-social-icon-facebook elementor-repeater-item-4a2c118\" target=\"_blank\">\n\t\t\t\t\t\t<span class=\"elementor-screen-only\">Facebook<\/span>\n\t\t\t\t\t\t<i aria-hidden=\"true\" class=\"fab fa-facebook\"><\/i>\t\t\t\t\t<\/a>\n\t\t\t\t<\/span>\n\t\t\t\t\t\t\t<span class=\"elementor-grid-item\" role=\"listitem\">\n\t\t\t\t\t<a class=\"elementor-icon elementor-social-icon elementor-social-icon-twitter elementor-repeater-item-597661f\" target=\"_blank\">\n\t\t\t\t\t\t<span class=\"elementor-screen-only\">Twitter<\/span>\n\t\t\t\t\t\t<i aria-hidden=\"true\" class=\"fab fa-twitter\"><\/i>\t\t\t\t\t<\/a>\n\t\t\t\t<\/span>\n\t\t\t\t\t\t\t<span class=\"elementor-grid-item\" role=\"listitem\">\n\t\t\t\t\t<a class=\"elementor-icon elementor-social-icon elementor-social-icon-youtube elementor-repeater-item-00fd122\" target=\"_blank\">\n\t\t\t\t\t\t<span class=\"elementor-screen-only\">Youtube<\/span>\n\t\t\t\t\t\t<i aria-hidden=\"true\" class=\"fab fa-youtube\"><\/i>\t\t\t\t\t<\/a>\n\t\t\t\t<\/span>\n\t\t\t\t\t<\/div>\n\t\t\t\t\t\t<\/div>\n\t\t\t\t<\/div>\n\t\t\t\t\t<\/div>\n\t\t<\/div>\n\t\t\t\t<div class=\"elementor-column elementor-col-25 elementor-top-column elementor-element elementor-element-1c7bb46\" data-id=\"1c7bb46\" data-element_type=\"column\">\n\t\t\t<div class=\"elementor-widget-wrap elementor-element-populated\">\n\t\t\t\t\t\t<div class=\"elementor-element elementor-element-0aabcc6 elementor-widget elementor-widget-text-editor\" data-id=\"0aabcc6\" data-element_type=\"widget\" data-widget_type=\"text-editor.default\">\n\t\t\t\t<div class=\"elementor-widget-container\">\n\t\t\t\t\t\t\t\t\t<p><strong>GISELA MADELINE NAVARRO MERINO<\/strong><\/p><p>Fono 45 2325366 Of. Secretar\u00eda Departamento Educaci\u00f3n<\/p>\t\t\t\t\t\t\t\t<\/div>\n\t\t\t\t<\/div>\n\t\t\t\t\t<\/div>\n\t\t<\/div>\n\t\t\t\t<div class=\"elementor-column elementor-col-25 elementor-top-column elementor-element elementor-element-4ecf92b\" data-id=\"4ecf92b\" data-element_type=\"column\">\n\t\t\t<div class=\"elementor-widget-wrap elementor-element-populated\">\n\t\t\t\t\t\t<div class=\"elementor-element elementor-element-2f56acd elementor-widget elementor-widget-image\" data-id=\"2f56acd\" data-element_type=\"widget\" data-widget_type=\"image.default\">\n\t\t\t\t<div class=\"elementor-widget-container\">\n\t\t\t\t\t\t\t\t\t\t\t\t\t\t\t<img decoding=\"async\" width=\"485\" height=\"88\" src=\"https:\/\/departamentoeducacion.ufro.cl\/wp-content\/uploads\/2019\/05\/sello-acreditacion.jpg\" class=\"attachment-large size-large wp-image-118\" alt=\"\" srcset=\"https:\/\/departamentoeducacion.ufro.cl\/wp-content\/uploads\/2019\/05\/sello-acreditacion.jpg 485w, https:\/\/departamentoeducacion.ufro.cl\/wp-content\/uploads\/2019\/05\/sello-acreditacion-300x54.jpg 300w\" sizes=\"(max-width: 485px) 100vw, 485px\" \/>\t\t\t\t\t\t\t\t\t\t\t\t\t\t\t<\/div>\n\t\t\t\t<\/div>\n\t\t\t\t\t<\/div>\n\t\t<\/div>\n\t\t\t\t\t<\/div>\n\t\t<\/section>\n\t\t\t\t<section class=\"elementor-section elementor-top-section elementor-element elementor-element-3bc8ff6 elementor-section-boxed elementor-section-height-default elementor-section-height-default\" data-id=\"3bc8ff6\" data-element_type=\"section\">\n\t\t\t\t\t\t<div class=\"elementor-container elementor-column-gap-default\">\n\t\t\t\t\t<div class=\"elementor-column elementor-col-100 elementor-top-column elementor-element elementor-element-5d88a6c\" data-id=\"5d88a6c\" data-element_type=\"column\">\n\t\t\t<div class=\"elementor-widget-wrap elementor-element-populated\">\n\t\t\t\t\t\t<div class=\"elementor-element elementor-element-690cc2d elementor-widget-divider--view-line elementor-widget elementor-widget-divider\" data-id=\"690cc2d\" data-element_type=\"widget\" data-widget_type=\"divider.default\">\n\t\t\t\t<div class=\"elementor-widget-container\">\n\t\t\t\t\t\t\t<div class=\"elementor-divider\">\n\t\t\t<span class=\"elementor-divider-separator\">\n\t\t\t\t\t\t<\/span>\n\t\t<\/div>\n\t\t\t\t\t\t<\/div>\n\t\t\t\t<\/div>\n\t\t\t\t\t<\/div>\n\t\t<\/div>\n\t\t\t\t\t<\/div>\n\t\t<\/section>\n\t\t\t\t<section class=\"elementor-section elementor-top-section elementor-element elementor-element-ac3bdb8 elementor-section-boxed elementor-section-height-default elementor-section-height-default\" data-id=\"ac3bdb8\" data-element_type=\"section\">\n\t\t\t\t\t\t<div class=\"elementor-container elementor-column-gap-default\">\n\t\t\t\t\t<div class=\"elementor-column elementor-col-100 elementor-top-column elementor-element elementor-element-9eba56f\" data-id=\"9eba56f\" data-element_type=\"column\">\n\t\t\t<div class=\"elementor-widget-wrap elementor-element-populated\">\n\t\t\t\t\t\t<div class=\"elementor-element elementor-element-f19ed75 elementor-widget elementor-widget-image\" data-id=\"f19ed75\" data-element_type=\"widget\" data-widget_type=\"image.default\">\n\t\t\t\t<div class=\"elementor-widget-container\">\n\t\t\t\t\t\t\t\t\t\t\t\t\t\t\t<img decoding=\"async\" src=\"https:\/\/departamentoeducacion.ufro.cl\/wp-content\/plugins\/elementor\/assets\/images\/placeholder.png\" title=\"\" alt=\"\" loading=\"lazy\" \/>\t\t\t\t\t\t\t\t\t\t\t\t\t\t\t<\/div>\n\t\t\t\t<\/div>\n\t\t\t\t\t<\/div>\n\t\t<\/div>\n\t\t\t\t\t<\/div>\n\t\t<\/section>\n\t\t\t\t<\/div>\n\t\t","protected":false},"excerpt":{"rendered":"<p>El Departamento de Educaci\u00f3n, es liderado por su Director, que es responsable ante el Decano de organizar la docencia, la investigaci\u00f3n, la vinculaci\u00f3n con el medio y el perfeccionamiento de su unidad acad\u00e9mica. Ser\u00e1 subrogado por el Secretario Acad\u00e9mico, quien lo asiste en la administraci\u00f3n junto al equipo de gesti\u00f3n disponible. El equipo de gesti\u00f3n apoya al director en: la elaboraci\u00f3n, implementaci\u00f3n y evaluaci\u00f3n del plan de Desarrollo del Departamento; supervisar y evaluar el trabajo acad\u00e9mico y administrativo de su unidad; registrar e ingresar la planificaci\u00f3n de la docencia seg\u00fan los requerimientos de las carreras de pregrado y del postgrado; administrar de acuerdo con las normas universitarias, los recursos econ\u00f3micos y humanos que se asignen al Departamento, entre otras tareas se\u00f1aladas en la normativa.\u00a0 Director Departamento: Dr. Jos\u00e9 Salazar Ascencio Secretario Acad\u00e9mico Departamento: Dra. Miriam Le\u00f3n Herrera Secretaria Departamento: Gisela Navarro M. Visitas 0 Facebook Twitter Youtube GISELA MADELINE NAVARRO MERINO Fono 45 2325366 Of. Secretar\u00eda Departamento Educaci\u00f3n<\/p>\n","protected":false},"author":1,"featured_media":0,"parent":0,"menu_order":0,"comment_status":"closed","ping_status":"closed","template":"","meta":{"footnotes":""},"class_list":["post-20","page","type-page","status-publish","hentry"],"_links":{"self":[{"href":"https:\/\/departamentoeducacion.ufro.cl\/index.php?rest_route=\/wp\/v2\/pages\/20","targetHints":{"allow":["GET"]}}],"collection":[{"href":"https:\/\/departamentoeducacion.ufro.cl\/index.php?rest_route=\/wp\/v2\/pages"}],"about":[{"href":"https:\/\/departamentoeducacion.ufro.cl\/index.php?rest_route=\/wp\/v2\/types\/page"}],"author":[{"embeddable":true,"href":"https:\/\/departamentoeducacion.ufro.cl\/index.php?rest_route=\/wp\/v2\/users\/1"}],"replies":[{"embeddable":true,"href":"https:\/\/departamentoeducacion.ufro.cl\/index.php?rest_route=%2Fwp%2Fv2%2Fcomments&post=20"}],"version-history":[{"count":40,"href":"https:\/\/departamentoeducacion.ufro.cl\/index.php?rest_route=\/wp\/v2\/pages\/20\/revisions"}],"predecessor-version":[{"id":1072,"href":"https:\/\/departamentoeducacion.ufro.cl\/index.php?rest_route=\/wp\/v2\/pages\/20\/revisions\/1072"}],"wp:attachment":[{"href":"https:\/\/departamentoeducacion.ufro.cl\/index.php?rest_route=%2Fwp%2Fv2%2Fmedia&parent=20"}],"curies":[{"name":"wp","href":"https:\/\/api.w.org\/{rel}","templated":true}]}}